{"id":663,"date":"2018-08-21T13:58:26","date_gmt":"2018-08-21T06:58:26","guid":{"rendered":"http:\/\/huib.hueuni.edu.vn\/?page_id=663"},"modified":"2025-09-24T09:41:44","modified_gmt":"2025-09-24T02:41:44","slug":"laboratory-of-cell-technology","status":"publish","type":"page","link":"https:\/\/huib.hueuni.edu.vn\/en\/laboratory-of-cell-technology\/","title":{"rendered":"LABORATORY OF CELL TECHNOLOGY"},"content":{"rendered":"<h2 style=\"text-align: center;\"><strong>LABORATORY OF CELLS<\/strong><\/h2>\n<p style=\"text-align: center;\"><strong>\u2014\u2666\u2014<\/strong><\/p>\n<p style=\"text-align: justify;\"><span style=\"color: #ff0000;\"><strong>I. NAME<\/strong><\/span><\/p>\n<p style=\"text-align: justify;\">Laboratory of Cells<\/p>\n<p style=\"text-align: center;\"><strong><span style=\"font-family: arial, helvetica, sans-serif;\"><strong style=\"font-size: inherit; text-align: left;\"><img loading=\"lazy\" decoding=\"async\" class=\"aligncenter wp-image-9991\" src=\"https:\/\/huib.hueuni.edu.vn\/wp-content\/uploads\/2022\/08\/anh-thanh-long.png\" alt=\"\" width=\"200\" height=\"298\" srcset=\"https:\/\/huib.hueuni.edu.vn\/wp-content\/uploads\/2022\/08\/anh-thanh-long.png 284w, https:\/\/huib.hueuni.edu.vn\/wp-content\/uploads\/2022\/08\/anh-thanh-long-201x300.png 201w, https:\/\/huib.hueuni.edu.vn\/wp-content\/uploads\/2022\/08\/anh-thanh-long-98x146.png 98w, https:\/\/huib.hueuni.edu.vn\/wp-content\/uploads\/2022\/08\/anh-thanh-long-34x50.png 34w, https:\/\/huib.hueuni.edu.vn\/wp-content\/uploads\/2022\/08\/anh-thanh-long-50x75.png 50w\" sizes=\"auto, (max-width: 200px) 100vw, 200px\" \/><\/strong><\/span><\/strong><\/p>\n<p style=\"text-align: center;\"><strong><span style=\"font-family: arial, helvetica, sans-serif;\"><strong style=\"font-size: inherit; text-align: left;\">Dr. Dang Thanh Long<\/strong><\/span><\/strong><\/p>\n<p style=\"text-align: center;\"><strong>Head of laboratory<\/strong><\/p>\n<p style=\"text-align: center;\">Phone number: (+84) 0914 207 992<br \/>\nEmail: dtlong@hueuni.edu.vn<\/p>\n<p style=\"text-align: left;\"><span style=\"color: #ff0000;\"><strong>II. STAFFS<\/strong><\/span><\/p>\n<table style=\"border-collapse: collapse; width: 99.6948%; height: 170px;\" border=\"1\">\n<tbody>\n<tr style=\"height: 24px;\">\n<td style=\"width: 5.56836%; height: 24px; text-align: center;\"><strong>No.<\/strong><\/td>\n<td style=\"width: 21.2494%; height: 24px; text-align: center;\"><strong>Full name<\/strong><\/td>\n<td style=\"width: 9.36591%; height: 24px; text-align: center;\"><strong>Degree<\/strong><\/td>\n<td style=\"width: 18.3164%; height: 24px; text-align: center;\"><strong>Position<\/strong><\/td>\n<td style=\"width: 13.8521%; height: 24px; text-align: center;\"><strong>Phone number<\/strong><\/td>\n<td style=\"width: 42.5088%; height: 24px; text-align: center;\"><strong>E-mail<\/strong><\/td>\n<\/tr>\n<tr style=\"height: 48px;\">\n<td style=\"width: 5.56836%; height: 29px; text-align: center;\">1<\/td>\n<td style=\"width: 21.2494%; height: 29px; text-align: left;\">Dang Thanh Long<\/td>\n<td style=\"width: 9.36591%; height: 29px; text-align: center;\">Doctor<\/td>\n<td style=\"width: 18.3164%; height: 29px; text-align: center;\">Head of lab.<\/td>\n<td style=\"width: 13.8521%; height: 29px; text-align: center;\">0914207992<\/td>\n<td style=\"width: 42.5088%; height: 29px; text-align: left;\">dtlong@hueuni.edu.vn<\/td>\n<\/tr>\n<tr style=\"height: 48px;\">\n<td style=\"width: 5.56836%; height: 31px; text-align: center;\">2<\/td>\n<td style=\"width: 21.2494%; height: 31px; text-align: left;\">Nguyen Thi Kim Cuc<\/td>\n<td style=\"width: 9.36591%; height: 31px; text-align: center;\">Doctor<\/td>\n<td style=\"width: 18.3164%; height: 31px; text-align: center;\">Lecturer<\/td>\n<td style=\"width: 13.8521%; height: 31px; text-align: center;\">0943112476<\/td>\n<td style=\"width: 42.5088%; height: 31px; text-align: left;\">ntkcuc.huib@hueuni.edu.vn<\/td>\n<\/tr>\n<tr style=\"height: 48px;\">\n<td style=\"width: 5.56836%; height: 29px; text-align: center;\">3<\/td>\n<td style=\"width: 21.2494%; height: 29px; text-align: left;\">Nguyen Thi Diem<\/td>\n<td style=\"width: 9.36591%; height: 29px; text-align: center;\">Master<\/td>\n<td style=\"width: 18.3164%; height: 29px; text-align: center;\">\u00a0Researcher<\/td>\n<td style=\"width: 13.8521%; height: 29px; text-align: center;\">0326581012<\/td>\n<td style=\"width: 42.5088%; height: 29px; text-align: left;\">ntdiem@hueuni.edu.vn<\/td>\n<\/tr>\n<tr style=\"height: 48px;\">\n<td style=\"width: 5.56836%; height: 23px; text-align: center;\">4<\/td>\n<td style=\"width: 21.2494%; height: 23px; text-align: left;\">Nguyen Van Phu<\/td>\n<td style=\"width: 9.36591%; height: 23px; text-align: center;\">Master<\/td>\n<td style=\"width: 18.3164%; height: 23px; text-align: center;\">Researcher<\/td>\n<td style=\"width: 13.8521%; height: 23px; text-align: center;\">0326817642<\/td>\n<td style=\"width: 42.5088%; height: 23px; text-align: left;\">nguyenvanphu@hueuni.edu.vn<\/td>\n<\/tr>\n<\/tbody>\n<\/table>\n<p style=\"text-align: justify;\"><span style=\"color: #ff0000;\"><strong>III. MISSION STATEMENT<\/strong><\/span><\/p>\n<p style=\"text-align: justify;\">Laboratory of cells has function in cooperated graduated and post-graduated program, researches, consults and transfers in the fields cell biology, herbal mushroom and microalgae<\/p>\n<p style=\"text-align: justify;\"><span style=\"color: #ff0000;\"><strong>IV. MAJOR RESEARCH INTEREST<\/strong><\/span><\/p>\n<ul style=\"text-align: justify;\">\n<li>Preservation genetic source of valuable herbs; <em>invitro<\/em> propagation of valuable plants for commercial purpose.<\/li>\n<li>Culture of plant cells in bioreactor for extraction of secondary metabolite.<\/li>\n<li>Screening and Selection of stress-tolerance and disease-free plant varieties.<\/li>\n<li>Production of\u00a0 algae biomass for functional food, animal feed and fish feed.<\/li>\n<li>Production of bioactive compounds from plant and microalgae.<\/li>\n<li>Mechanism of biosynthesis regulation of bioactive compounds from plant and microalgae.<\/li>\n<li>Mechanism of action of bioactive compounds from herbal plant and microalgae on animal cells.<\/li>\n<li>Production of functional medicine for antiaging, antidiabetic, anticancer from herbal plant and mushroom, microalgae.<\/li>\n<li>Research and produce health support products from medicinal mushrooms.<\/li>\n<\/ul>\n<p style=\"text-align: justify;\"><span style=\"color: #ff0000;\"><strong>V. SCIENTIFIC RESEARCH\u00a0<\/strong><\/span><\/p>\n<p style=\"text-align: justify;\"><span style=\"color: #800080;\"><strong>5.1. Research Grant<\/strong><\/span><\/p>\n<ol>\n<li style=\"text-align: justify;\">Optimal growth culture condition to produce Antler-type <em>Ganoderma lucidum<\/em>. Grant holder: Institute of Biotechnology, Hue University.<\/li>\n<li style=\"text-align: justify;\">Procedure to produce biomass of\u00a0<em>Skeletonema costatum\u00a0<\/em>in Thua Thien Hue\/ DP-DTTTH.2016-KC.05. Grant holder: Thua Thien Hue province.<\/li>\n<li style=\"text-align: justify;\">Investigation of new bioactive compounds from green algae\u00a0<em>Anabaena<\/em>\u00a0and\u00a0<em>Nostoc<\/em> isolated in Vietnam. Grant holder:<\/li>\n<li style=\"text-align: justify;\">Application of science and technology in sexual breeding to improve seedling of Ngoc Linh ginseng in Nam Tra My District, Quang Nam province. Grant holder: Nam Tra My District.<\/li>\n<li style=\"text-align: justify;\">Investigation species and proposed development model to grow <em>Amomum<\/em> in Thua Thien Hue. Grant holder: Thua Thien Hue province.<\/li>\n<li style=\"text-align: justify;\">Study on applying molecular indicator to diagnose septicemia disease caused by <em>Pasteurella multocida<\/em> and <em>P<\/em><em>. haemolytica<\/em> on Phan Rang sheep<em>\/<\/em> CT-2021-01-DHH-02<\/li>\n<li style=\"text-align: justify;\">Molecular cloning of glycoprotein C and E gene from Duck\/ DHH2017-15-17<\/li>\n<li style=\"text-align: justify;\">Study on manufacturing antibodies to prevent and treat ulcers caused by <em>Vibrio<\/em> sp. induced in fish\/ CT-2018DHH-05<\/li>\n<li style=\"text-align: justify;\">Study on extraction and determination of biological activity of flavonoids from <em>Helicteres hirsuta<\/em> Lour. collected in Thua Thien Hue province\/ DHH2021-15-17<\/li>\n<\/ol>\n<p style=\"text-align: justify;\"><span style=\"color: #800080;\"><strong>5.2. Publications<\/strong><\/span><\/p>\n<ol>\n<li style=\"text-align: justify;\"><strong>Dang Thanh Long<\/strong>, Phan Van My Le, Hoang Thi Ngoc Han,<strong>\u00a0Tong Thi Hue<\/strong>, Hoang Thi Kim Hong (2023). Optimization of extraction of total flavonoid from leaves of\u00a0<em>Helicteres hirsuta<\/em>\u00a0Lour. based on bath ultrasound-assisted and testing some biological activities.\u00a0<em>Research Journal of Biotechnology, 19<\/em>(1), 71-78.\u00a0<a class=\"px-1\" title=\"https:\/\/doi.org\/10.25303\/1901rjbt071078\" href=\"https:\/\/doi.org\/10.25303\/1901rjbt071078\" target=\"_blank\" rel=\"noopener noreferrer\">https:\/\/doi.org\/10.25303\/1901rjbt071078<\/a><\/li>\n<li style=\"text-align: justify;\"><strong>Long, D. T<\/strong>., Le, V. T. M.,\u00a0<strong>Quang, H. T<\/strong>., Han, H. T. N.,\u00a0<strong>Hue, T. T<\/strong>., &amp; Trang, N. T. Q. (2023). Bioactive components of\u00a0<em>Helicteres hirsuta<\/em>\u00a0collected in Thua Thien Hue.\u00a0<em>Indian Journal of Science and Technology, 16<\/em>(44), 4114-4122.\u00a0<a class=\"px-1\" title=\"https:\/\/doi.org\/10.17485\/IJST\/v16i44.2434\" href=\"https:\/\/doi.org\/10.17485\/IJST\/v16i44.2434\" target=\"_blank\" rel=\"noopener noreferrer\">https:\/\/doi.org\/10.17485\/IJST\/v16i44.2434<\/a><\/li>\n<li style=\"text-align: justify;\"><strong>KCT<\/strong>\u00a0<strong>Nguyen<\/strong>,\u00a0<strong>PV<\/strong>\u00a0<strong>Nguyen<\/strong>, HHT Truong (2020). Heavy Metal Tolerance of Novel\u00a0Papiliotrema\u00a0Yeast Isolated from Vietnamese Mangosteen. Mycobiology. 10.1080\/12298093.2020.1767020.<\/li>\n<li style=\"text-align: justify;\"><strong>VP\u00a0<\/strong><strong>Nguyen<\/strong>, V Plocek, L V\u00e1chov\u00e1, Z Palkov\u00e1 (2020). Glucose, Cyc8p and Tup1p regulate biofilm formation and dispersal in wild Saccharomyces cerevisiae. npj Biofilms and Microbiomes. 6(1):7.<\/li>\n<li style=\"text-align: justify;\"><strong>VP Nguyen<\/strong>, O Hlavacek, J Marsikova, L Vachova, Z Palkova (2019). Cyc8p and Tup1p antagonistically regulate complexity of yeast biofilms. The 30th Fungal Genetics Conference, March 12\u201317, 2019, Pacific Grove, CA, USA, poster 422W.<\/li>\n<li style=\"text-align: justify;\">Palkova Z,\u00a0<strong>VP Nguyen<\/strong><strong>,\u00a0<\/strong>Hlavacek O, Marsikova J, Vachova L (2019). Regulation of Development of Structured Colony Biofilms. XXIX International Conference on Yeast Genetics and Molecular Biology (YEAST 2019), August 18-22, 2019, G\u00f6teborg, Sweden, poster no. 314.<\/li>\n<li style=\"text-align: justify;\"><strong>TD Nguyen<\/strong>, TR Cavagnaro, SJ Watts-Williams (2019). The effects of soil phosphorus and zinc availability on plant responses to mycorrhizal fungi: a physiological and molecular assessment. Scientific reports 9 (1), 1-13.<\/li>\n<li style=\"text-align: justify;\">SJ Watts-Williams,\u00a0<strong>TD Nguyen<\/strong>, S Kabiri, D Losic, MJ McLaughlin (2019). Potential of zinc-loaded graphene oxide and arbuscular mycorrhizal fungi to improve the growth and zinc nutrition of Hordeum vulgare and Medicago truncatula. Applied Soil Ecology 150, 103464.<\/li>\n<li style=\"text-align: justify;\"><strong>VP Nguyen<\/strong>, O Hlavacek, J Marsikova, L Vachova, Z Palkova (2018). Cyc8p and Tup1p differently regulate development of distinct types of yeast multicellular structures. EMBO workshop Experimental Approaches to Evolution and Ecology Using Yeast and Other Model System, EMBL Heidelberg, Germany, 17 \u2013 20 Oct 2018.<\/li>\n<li style=\"text-align: justify;\"><strong>VP Nguyen<\/strong>, O Hlavacek, J Marsikova, L Vachova, Z Palkova (2017). Two units of CR complex have antagonistic functions in regulation of FLO11 and biofilm development. The 28th International Conference on Yeast Genetics and Molecular Biology, Prague, Czech Republic.<\/li>\n<li style=\"text-align: justify;\"><strong style=\"color: initial;\">Nguyen KCT<\/strong><span style=\"color: initial;\">., Cho KA. (2017). Versatile functions of caveolin-1 in aging-related diseases.\u00a0<\/span><em style=\"color: initial;\">Chonnam Medical Journal<\/em><span style=\"color: initial;\">\u00a053 (1): 28-36.<\/span><\/li>\n<li style=\"text-align: justify;\">Nguyen Th\u1ecb Thanh Nga, Hoang Quynh Trang, Trinh Ngoc Hoang,\u00a0<strong>Nguyen Thi Kim Cuc\u00a0<\/strong>(2017). Isolation and characterization of a thermotolerance entomopathogenic fungus for bioinsecticide development. The 5<sup>th\u00a0<\/sup>academic conference on natural science for young scientists, master and PhD student from ase an countries.<\/li>\n<li style=\"text-align: justify;\">Luong Hang Thi Pham,\u00a0<strong>Lien Thi Thu Nguyen<\/strong>, Tuan Anh Duong, Sabine Mundt (2017). Diversity and bioactivities of nostocacean cyanobacteria isolated from paddy soil in Vietnam. Systematic and Applied Microbiology 40(8).<\/li>\n<li style=\"text-align: justify;\"><strong>Lien Thi Thu Nguyen<\/strong>, Hoang Tien Hien, Nguyen Trung Kien, Thi Thuy Duong (2017). The occurrence of toxic cyanobacterium\u00a0<em>Cylindrospermopsis raciborskii<\/em>and its toxin cylindrospermopsin in the Huong River, Thua Thien Hue province, Vietnam. Environmental Monitoring and Assessment, 189, 490.<\/li>\n<li style=\"text-align: justify;\">Lim JS<strong>,\u00a0<\/strong>Kim HS.,\u00a0<strong>Nguyen KCT.,\u00a0<\/strong>Cho KA. (2016). The role of TLR9 in stress-dependent autophagy formation.\u00a0<em>Biochem Biophys Res Commun<\/em>\u00a0481 (3-4): 219-226.<\/li>\n<li style=\"text-align: justify;\"><strong>VP Nguyen<\/strong>, O Hlavacek, J Marsikova, L Vachova, Z Palkova (2015). New insights into regulation of Flo11p involved in biofilm formation. The 27<sup style=\"color: initial;\">th <\/sup>International Conference on Yeast Genetics and Molecular Biology, Levico Terme, Trentino, Italy.<\/li>\n<li style=\"text-align: justify;\">Lim JS,\u00a0<strong>Nguyen KCT<\/strong>, Han JM, Jang IS, Fabian C, Cho KA (2015). Direct regulation of TLR5 expression by caveolin-1.\u00a0<em>Molecules and Cells<\/em>\u00a038 (12).<\/li>\n<li style=\"text-align: justify;\">Lim JS,\u00a0<strong>Nguyen KCT<\/strong>, Nguyen CT, Jang I-S, Han JM, Fabian C, Lee SE, Rhee JH, Cho KA. (2015). Flagellin-dependent TLR5\/caveolin-1 as a promising immune activator in immunosenescence.\u00a0<em>Aging Cell<\/em>\u00a014: 907-915.<\/li>\n<li style=\"text-align: justify;\"><strong>Nguyen KCT<\/strong>, Muthiah M, Islam MA, Kalash RS, Cho CS, Park HS, Lee IK, Kim HJ, Park IK, Cho KA (2014). Selective transfection with osmotically active sorbitol modified PEI nanoparticles for enhanced anti-cancer gene therapy.\u00a0<em>Colloids and Surfaces B: Biointerfaces\u00a0<\/em>119: 126-136.<\/li>\n<li style=\"text-align: justify;\"><strong>Nguyen, T.T.L<\/strong>., \u00d8. Moestrup,\u00a0<em>&amp;\u00a0<\/em>Daugbjerg (2014). Planktic cyanobacteria from freshwater localities in Thuathien-Hue province, Vietnam. III. Phylogenetic inference based on partial phycocyanin sequences, morphological and toxicological characters. Algological Studies 144: 19\u201343.<\/li>\n<li style=\"text-align: justify;\"><strong>Nguyen, T.T.L<\/strong>., N. Daugbjerg, G. Cronberg<em>&amp;\u00a0<\/em>\u00d8. Moestrup (2013).\u00a0<em>Annamia toxica<\/em>et sp. nov., a toxic cyanobacterium producing microcystins from Vietnam: ultrastructural, toxicity and molecular approaches. Phycologia, 52(1): 25-36.<\/li>\n<li style=\"text-align: justify;\">Yoo MS,\u00a0<strong>Nguyen KCT<\/strong>, Nguyen VP, Han SH, Kwon SH, Park YH and Yoon BS (2012). Rapid detection of sacbrood virus in honey bee using ultra-rapid real-time polymerase chain reaction.\u00a0<em>Journal of Virological Methods<\/em>\u00a0179: 195\u2013 200.<\/li>\n<li style=\"text-align: justify;\"><strong>KCT Nguyen<\/strong>, MS Yoo, SH Han, SH Kwon, YH Park and BS Yoon (2010). Generation of specific monoclonal antibody against recombinant Major Royal Jelly Protein 1 (MRJP1) from Honeybee (<em>Apis mellifera<\/em>).\u00a0<em>Korean J. Apicul<\/em><em>t<\/em><em>u<\/em><em>r<\/em><em>e<\/em>, 25(2):129-135. No IF.<\/li>\n<li style=\"text-align: justify;\"><strong>KCT Nguyen<\/strong>, Yoo, MS, Kang MH, Han SH, Yun CH and Yoon BS. (2009) Development of Real-time PCR assay for the detection of Sacbrood Virus in Honeybee (<em>Apis mellifera\u00a0<\/em>L<em>.<\/em>).\u00a0<em>Korean J. Apiculture<\/em>, 24(1):15-21. No IF.<\/li>\n<li style=\"text-align: justify;\"><strong>KCTNguyen<\/strong>, MS Yoo, CH Yun and BS Yoon. (2009).Over-expression of Major Royal Jelly Protein 1 from\u00a0<em>Apis mellifera L<\/em>. in E. coli.\u00a0<em>Korean J. Apiculture<\/em>\u00a024 (3): 167-173. No IF<\/li>\n<li style=\"text-align: justify;\"><strong>Nguyen, T.T.L<\/strong>., G. Cronberg, H. Annadotter &amp; J. Larsen (2007). Planktic cyanobacteria from freshwater localities in ThuaThien-Hue province, Vietnam II. Algal biomass and microcystin production. Nova Hedwigia, Stuttgart, Germany, 85: 35-49.<\/li>\n<li style=\"text-align: justify;\"><strong>Nguyen, T.T.L<\/strong>., G. Cronberg, J. Larsen &amp; \u00d8. Moestrup (2007). Planktic cyanobacteria from freshwater localities in Thuathien-Hue province, Vietnam I. Morphology and distribution. Nova Hedwigia, Stuttgart, Germany, 85: 1-34.<\/li>\n<\/ol>\n<p style=\"text-align: justify;\"><span style=\"color: #800080;\"><strong>5.3. Products and Services<\/strong><\/span><\/p>\n<ul>\n<li>Collection of microalgae strains of diatom, and <em>Cyanobacteria<\/em>.<\/li>\n<li>Providing algae varieties.<\/li>\n<li>Providing <em>in vitro<\/em> seedlings of plant kinds: medicinal plant, rose, orchid and industrial plant.<\/li>\n<li>Providing short-term training courses on <em>in vitro<\/em> cultivation of plants, isolation and microalgae culture&#8230;<\/li>\n<li>Providing process of producing organic media from agricultural residues.<\/li>\n<li>Providing process of organic melon (<em>Cucumis melo<\/em> L.) production.<\/li>\n<li>Providing the production process of straw mushroom, abalone mushroom, lingzhi mushroom&#8230;<\/li>\n<li>Providing process of in vitro orchid production process without air conditioning room.<\/li>\n<\/ul>\n","protected":false},"excerpt":{"rendered":"<p>LABORATORY OF CELLS \u2014\u2666\u2014 I. NAME Laboratory of Cells Dr. Dang Thanh Long Head of laboratory Phone number:<span class=\"excerpt-hellip\"> [\u2026]<\/span><\/p>\n","protected":false},"author":3,"featured_media":0,"parent":0,"menu_order":0,"comment_status":"closed","ping_status":"closed","template":"","meta":{"footnotes":""},"class_list":["post-663","page","type-page","status-publish","hentry"],"_links":{"self":[{"href":"https:\/\/huib.hueuni.edu.vn\/en\/wp-json\/wp\/v2\/pages\/663","targetHints":{"allow":["GET"]}}],"collection":[{"href":"https:\/\/huib.hueuni.edu.vn\/en\/wp-json\/wp\/v2\/pages"}],"about":[{"href":"https:\/\/huib.hueuni.edu.vn\/en\/wp-json\/wp\/v2\/types\/page"}],"author":[{"embeddable":true,"href":"https:\/\/huib.hueuni.edu.vn\/en\/wp-json\/wp\/v2\/users\/3"}],"replies":[{"embeddable":true,"href":"https:\/\/huib.hueuni.edu.vn\/en\/wp-json\/wp\/v2\/comments?post=663"}],"version-history":[{"count":0,"href":"https:\/\/huib.hueuni.edu.vn\/en\/wp-json\/wp\/v2\/pages\/663\/revisions"}],"wp:attachment":[{"href":"https:\/\/huib.hueuni.edu.vn\/en\/wp-json\/wp\/v2\/media?parent=663"}],"curies":[{"name":"wp","href":"https:\/\/api.w.org\/{rel}","templated":true}]}}