{"id":11917,"date":"2023-05-29T14:28:31","date_gmt":"2023-05-29T07:28:31","guid":{"rendered":"http:\/\/huib.hueuni.edu.vn\/2021-3\/"},"modified":"2023-12-05T15:05:53","modified_gmt":"2023-12-05T08:05:53","slug":"2021-3","status":"publish","type":"page","link":"https:\/\/huib.hueuni.edu.vn\/en\/2021-3\/","title":{"rendered":"2021"},"content":{"rendered":"<h2 style=\"text-align: center;\"><strong>LIST OF SCIENTIFIC ARTICLES IN 2021<\/strong><\/h2>\n<h2 style=\"text-align: center;\">\u2014\u2666\u2014<\/h2>\n<table>\n<tbody>\n<tr>\n<td><strong>No.<\/strong><\/td>\n<td><strong>Authors<\/strong><\/td>\n<td><strong>Article Title<\/strong><\/td>\n<td><strong>Journal<\/strong><\/td>\n<td><strong>Category<\/strong><\/td>\n<\/tr>\n<tr>\n<td>1<\/td>\n<td>Pham Thi Hai Yen,\u00a0<strong>Nguyen Quang Linh,\u00a0<\/strong>Nguyen Duy Quynh Tram<\/td>\n<td>The identification and determination of toxin genes of\u00a0<em>Vibrio<\/em>\u00a0strains causing hemorrhagic disease on red drum (<em>Sciaenops ocellatus<\/em>) using PCR<\/td>\n<td>AMB Express<\/td>\n<td>SCIE<\/td>\n<\/tr>\n<tr>\n<td>2<\/td>\n<td><strong>Thi Oanh Nguyen, Thi Diem Nguyen, Hai Thi Hong Truong,\u00a0<\/strong>Thi Thu Hang La,<strong>\u00a0Thi Kim Cuc Nguyen<\/strong><\/td>\n<td>EFFECT OF SPENT MUSHROOM SUBSTRATE ON THE GROWTH AND YIELD OF\u00a0THREE CULTIVARS OF MUSKMELONS (<em>Cucumis melo<\/em>)<\/td>\n<td>Journal of Experimental Biology and Agricultural Sciences<\/td>\n<td>SCIE<\/td>\n<\/tr>\n<tr>\n<td>3<\/td>\n<td><strong>Phu Nguyen Van, Hai Thi Hong Truong,\u00a0<\/strong>Tuan Anh Pham, Le Cong Tuan, Tien Le,<strong>\u00a0Kim Cuc Nguyen Thi<\/strong><\/td>\n<td>Removal of Manganese and Copper from Aqueous Solution by Yeast\u00a0<em>Papiliotrema huenov<\/em><\/td>\n<td>Mycobiology<\/td>\n<td>SCIE<\/td>\n<\/tr>\n<tr>\n<td>4<\/td>\n<td>Trinh Thi Phuong Thao, Le Thi Kim Thoa, Le My Tieu Ngoc, Truong Thi Phuong Lan, Tran Vinh Phuong,<strong>\u00a0Hai Thi Hong Truong,\u00a0<\/strong>Kuan Shiong Khoo, Sivakumar Manickam, Truong Thi Hoa, Nguyen Duy Quynh Tram, Pau Loke Show,<strong>\u00a0Nguyen Duc Huy<\/strong><\/td>\n<td>Characterization halotolerant lactic acid bacteria\u00a0<em>Pediococcus pentosaceus<\/em>\u00a0HN10 and in\u00a0<em>vivo<\/em>\u00a0evaluation for bacterial pathogens inhibition<\/td>\n<td>Chemical Engineering and Processing \u2013 Process Intensification<\/td>\n<td>SCIE<\/td>\n<\/tr>\n<tr>\n<td>5<\/td>\n<td>Hooi Ren Lim, Kuan Shiong Khoo, Kit Wayne Chew, Chih-Kai Chang, Heli Siti Halimatul Munawaroh, P. Senthil Kumar,\u00a0<strong>Nguyen Duc Huy,<\/strong>\u00a0Pau Loke Show<\/td>\n<td>Perspective of Spirulina culture with wastewater into a sustainable circular bioeconomy<\/td>\n<td>Environmental Pollution<\/td>\n<td>SCIE<\/td>\n<\/tr>\n<tr>\n<td>6<\/td>\n<td>Le Cong Tuan,<strong>\u00a0Nguyen Duc Huy,\u00a0<\/strong>Le My Tieu Ngoc, Doan Thi My Lanh, Te Minh Son, Nguyen Hoang Loc<\/td>\n<td>Nitrogen removal efficiency of some bacterial strains isolated from seawater in Thua Thien Hue, Vietnam<\/td>\n<td>Advancements in Life Sciences<\/td>\n<td>ESCI<\/td>\n<\/tr>\n<tr>\n<td>7<\/td>\n<td>Do Thi Bich Thuy, An Tien Nguyen, Kuan Shiong Khoo, Kit Wayne Chew, Margo Cnockaert, Peter Vandamme, Yeek-Chia Ho,\u00a0<strong>Nguyen Duc Huy,<\/strong>\u00a0Heriberto Hern\u00e1ndez Cocoletzi, Pau Loke Show<\/td>\n<td>Optimization of culture conditions for gamma-aminobutyric acid production by newly identified Pediococcus pentosaceus MN12 isolated from \u2018mam nem\u2019, a fermented fish sauce<\/td>\n<td>Bioengineered<\/td>\n<td>SCIE<\/td>\n<\/tr>\n<tr>\n<td>8<\/td>\n<td>Nguyen Thi Quynh Trang,<strong>\u00a0Dang Thanh Long,\u00a0<\/strong>Hoang Thi Kim Hong<\/td>\n<td>Phytocomponents and antioxidant activity in the methanol extract of seed lotus\u00a0(<em>Nelumbo Nucifera<\/em>\u00a0Gaernt.) from Viet Nam<\/td>\n<td>Research Journal of Biotechnology<\/td>\n<td>SCIE<\/td>\n<\/tr>\n<tr>\n<td>9<\/td>\n<td><strong>Dang Thanh Long,<\/strong>\u00a0Hoang Thi Kim Hong, Le Ly Thuy Tram, Nguyen Thi Quynh Trang<\/td>\n<td>Evaluation of Genetic Diversity by DNA Barcoding of Local Lotus Populations from Thua Thien Hue Province<\/td>\n<td>Indian Journal of Agricultural Research<\/td>\n<td>SCIE<\/td>\n<\/tr>\n<tr>\n<td>10<\/td>\n<td>Nguyen Thi Truc Loan,<strong>\u00a0Dang Thanh Long,\u00a0<\/strong>Pham Nguyen Dong Yen, Truong Thi Minh Hanh,\u00a0Tri Nhut Pham, Dung Thuy Nguyen Pham<\/td>\n<td>Purification Process of Mangiferin from\u00a0<em>Mangifera indica<\/em>\u00a0L.\u00a0Leaves and Evaluation of Its Bioactivities<\/td>\n<td>Processes<\/td>\n<td>SCIE<\/td>\n<\/tr>\n<tr>\n<td>11<\/td>\n<td><strong>Nguyen Duc Huy,\u00a0<\/strong>Nguyen Thi My Le, Kit Wayne Chew, Seung-Moon Park, Pau Loke Show<\/td>\n<td>Characterization of a recombinant laccase from\u00a0<em>Fusarium oxysporum<\/em>\u00a0HUIB02 for biochemical application on dyes removal<\/td>\n<td>Biochemical Engineering Journal<\/td>\n<td>SCOPUS<\/td>\n<\/tr>\n<tr>\n<td>12<\/td>\n<td>Nguyen Van Hue,<strong>\u00a0Hoang Tan Quang, Dang Thanh Long,\u00a0<\/strong>Nguyen Van Toan, Nguyen Thi Van Anh, Tran Thanh Quynh Anh, Nguyen Duc Chung<\/td>\n<td>CHARACTERISTIC AND AMYLASE ACTIVITY OF YEASTS ISOLATED FROM Banh men la STARTER TABLETS IN CENTRAL VIETNAM<\/td>\n<td>Plant Cell Biotechnology and Molecular Biology<\/td>\n<td>SCOPUS<\/td>\n<\/tr>\n<tr>\n<td>13<\/td>\n<td>An H. Nguyen,<strong>\u00a0Nguyen T. T. Phan, Lan T. Tran, Quang T. Hoang,\u00a0<\/strong>Phuong T. B.\u00a0Truong<\/td>\n<td>Genetic diversity analysis based on Retrotransposon Microsatellite Amplification Polymorphisms (REMAP) for distinguishing the ginger chemotype of Thua Thien Hue (<em>Zingiber\u00a0<\/em><em>officinale<\/em>\u00a0Roscoe) from other Vietnamese ginger types<\/td>\n<td>Jordan Journal of Biological Sciences<\/td>\n<td>SCOPUS<\/td>\n<\/tr>\n<tr>\n<td>14<\/td>\n<td><strong>Nguyen Thi Kim Cuc, Nguyen Van Phu,\u00a0<\/strong>YOON BYOUNG SU<\/td>\n<td>Molecular Detection of Honey Bee Pathogenic Microbes: Recent Advances and Future Perspective<\/td>\n<td>Journal of Apiculture<\/td>\n<td>SCOPUS<\/td>\n<\/tr>\n<tr>\n<td>15<\/td>\n<td>Nagendran Rajalingam, Jae-Hyun Yoon, Bohyun Yoon,\u00a0<strong>Nguyen Bao Hung,<\/strong>\u00a0Won-Il Kim, Hyunju Kim, Byeong Yong Park &amp; Se-Ri Kim<\/td>\n<td>Prevalence and molecular characterization of\u00a0<em>Escherichia coli<\/em>\u00a0isolates during radish sprout production in the Republic of Korea<\/td>\n<td>Applied Biological Chemistry<\/td>\n<td>SCOPUS<\/td>\n<\/tr>\n<tr>\n<td>16<\/td>\n<td>Nguyen Thi Quynh Trang, Ngo Quy Thao Ngoc,\u00a0<strong>Dang Thanh Long,\u00a0<\/strong>Hoang Thi Kim Hong, Ngo Thi Phuong Hang<\/td>\n<td>PHYSICOCHEMICAL PROPERTIES, BIOACTIVE COMPOUNDS OF DIFFERENT TYPES OF LOTUS TEA IN\u00a0THUA THIEN HUE PROVINCE OF VIET NAM<\/td>\n<td>Plant Cell Biotechnology and Molecular Biology<\/td>\n<td>SCOPUS<\/td>\n<\/tr>\n<tr>\n<td>17<\/td>\n<td><strong>Huynh Van Chuong,\u00a0<\/strong>Le Thi Lan Phuong,<strong>\u00a0Dang Thanh Long<\/strong><\/td>\n<td>SEROTYPES, TOXINS AND ANTIBIOTIC RESISTANCE OF Escherichia coli (E.COLI) STRAINS ISOLATED FROM DIARRHEIC RABBITS IN PHU VANG, THUA THIEN HUE<\/td>\n<td>Journal of Experimental Biology and Agricultural Sciences<\/td>\n<td>SCOPUS<\/td>\n<\/tr>\n<tr>\n<td>18<\/td>\n<td><strong>Truong Thi Hong Hai,\u00a0<\/strong>Phan Thu Thao<\/td>\n<td>EFFECT OF PLANT DENSITY AND FOLIAR FERTILIZER SPRAY ON GROWTH AND YIELD OF NETTED MELON (<em>Cucumis melo<\/em>\u00a0L.) \u2018Inthanon RZ\u2019<\/td>\n<td>Hue University Journal of Science: Natural Science<\/td>\n<td>ACI<\/td>\n<\/tr>\n<tr>\n<td>19<\/td>\n<td><strong><span class=\"fontstyle0\">Nguyen Thi Diem<\/span><span class=\"fontstyle0\">, Nguyen Thi Oanh<\/span><\/strong><span class=\"fontstyle0\"><strong>,<\/strong>\u00a0Ho Thanh Tam<\/span><span class=\"fontstyle0\">,\u00a0<strong>Nguyen Huu Tho<\/strong><\/span><strong><span class=\"fontstyle0\">, Nguyen Thi Kim Cuc<\/span><\/strong><\/td>\n<td><span class=\"fontstyle0\">Cultivation of\u00a0<\/span><em><span class=\"fontstyle2\">Dendrobium anosmum\u00a0<\/span><\/em><span class=\"fontstyle0\">Di Linh from\u00a0<\/span><em><span class=\"fontstyle2\">in vitro\u00a0<\/span><\/em><span class=\"fontstyle0\">seedlings<\/span><\/td>\n<td>Hue University Journal of Science<\/td>\n<td>ACI<\/td>\n<\/tr>\n<tr>\n<td>20<\/td>\n<td><strong>Hoang Tan Quang, Pham Thi Diem Thi, Tran Thuy Lan, Pham Mai Thu Thuy,<\/strong>\u00a0Vu Duc Hoang, Phan Thi A Kim<\/td>\n<td>Effects of culture medium on callus growth of <em>Gynostemma <\/em><em>pentaphyllum<\/em> (Thunb.) Makino \u2013 a valuable medicinal plant<\/td>\n<td>Hue University Journal of Science<\/td>\n<td>ACI<\/td>\n<\/tr>\n<tr>\n<td>21<\/td>\n<td>Nguyen Thi Quynh Trang, Hoang Thi Kim Hong, Vo Thi Mai Huong,\u00a0<strong>Dang Thanh Long<\/strong><\/td>\n<td>In vitro Propagation of Red Lotus (<em>Nelumbo nucifera<\/em>\u00a0Gaertn) \u2013\u00a0An Aquatic Edible Plant in Vietnam<\/td>\n<td>Agricultural Science Digest<\/td>\n<td><\/td>\n<\/tr>\n<tr>\n<td>22<\/td>\n<td>Luong Thi Thuy,<strong>\u00a0Truong Thi Hong Hai<\/strong><\/td>\n<td>Survey results on \u201cDan ga tre\u201d in Tien Phuoc, Que Son and Nong Son, Quang Nam province<\/td>\n<td><span class=\"navbar-logo-text\">Hue University Journal of Science: Agriculture and Rural Development<\/span><\/td>\n<td>H\u0110CDGS<\/td>\n<\/tr>\n<tr>\n<td>23<\/td>\n<td>Hoang Thi Kim Hong,<strong>\u00a0Hoang Tan Quang, Nguyen Quang Hoang Vu<\/strong><\/td>\n<td>Effects of different treatments of silver nanoparticles (AgNPs) on the growth &amp; physiological characteristics of lotus (<em>Nelumbo nucifera<\/em>)<\/td>\n<td>Scientific Reports at National and International Conference<\/td>\n<td>H\u0110CDGS<\/td>\n<\/tr>\n<tr>\n<td>24<\/td>\n<td>Nguyen Thi Thu Thuy,<strong>\u00a0Nguyen Tien Long,\u00a0<\/strong>Truong Thi Dieu Hanh, Tran Thi Anh Tuyet, Nguyen Vinh Truong<\/td>\n<td>T\u00ednh kh\u00e1ng c\u1ee7a c\u1ecf l\u1ed3ng v\u1ef1c \u0111\u1ed1i v\u1edbi ho\u1ea1t ch\u1ea5t pretilachlor \u1edf Th\u1eeba Thi\u00ean Hu\u1ebf trong \u0111i\u1ec1u ki\u1ec7n nh\u00e0 l\u01b0\u1edbi<\/td>\n<td><span class=\"navbar-logo-text\">Hue University Journal of Science: Agriculture and Rural Development<\/span><\/td>\n<td>H\u0110CDGS<\/td>\n<\/tr>\n<tr>\n<td>25<\/td>\n<td>Nguyen Thi Thu Thuy, <strong>Nguyen Tien Long,<\/strong>\u00a0Truong Thi Dieu Hanh, Tran Thi Anh Tuyet, Nguyen Vinh Truong<\/td>\n<td>INVESTIGATION OF BARNYARD GRASS REGROWING IN DIRECT<br \/>\nSEEDED RICE AFTER APPLICATION OF HERBICIDES IN THUA THIEN<br \/>\nHUE PROVINCE<\/td>\n<td><span class=\"navbar-logo-text\">Hue University Journal of Science: Agriculture and Rural Development<\/span><\/td>\n<td>H\u0110CDGS<\/td>\n<\/tr>\n<tr>\n<td>26<\/td>\n<td><span class=\"fontstyle0\">Le Ngoc Phuong Quy<\/span><span class=\"fontstyle0\">, Mai Thi Khanh Van<\/span><span class=\"fontstyle0\">,\u00a0<strong>Huynh Van Chuong<\/strong><\/span><span class=\"fontstyle0\">, Nguyen Vu Duy<\/span><span class=\"fontstyle0\">, Duong Thi Thu Ha<\/span><\/td>\n<td><span class=\"fontstyle0\">Assessment of land allocation and lease to domestic organizations<br \/>\nin Da Lat city, Lam Dong province<\/span><\/td>\n<td>Journal articles in scientific journals of domestic universities<\/td>\n<td>H\u0110CDGS<\/td>\n<\/tr>\n<tr>\n<td>27<\/td>\n<td>\n<div><strong>Huynh Van Chuong, Dang Thanh Long,<\/strong><\/div>\n<div>Hoang Thi Kim Hong,<\/div>\n<div>Pham Tri Thuan<\/div>\n<\/td>\n<td>\n<div>Study on cloning and expressing trh gene (<em>thermostable direct hemolysin-<\/em><\/div>\n<div><em>related hemolysin<\/em>) of <em>Vibrio parahaemolyticus <\/em>encoding antigen caused thermostable hemolysin in snapper (<em>Sciaenops ocellatus<\/em>)<\/div>\n<\/td>\n<td>Journal of Veterinary Science and Technology<\/td>\n<td>H\u0110CDGS<\/td>\n<\/tr>\n<tr>\n<td>28<\/td>\n<td><strong>Phan Thi Thao Nguyen,<\/strong> Pham Thi Thanh Thao, <strong>Tran Thuy Lan, Hoang Tan Quang,<\/strong>\u00a0Tran Thi Thu Ha, Nguyen Quang Duc Tien, Truong Thi Bich Phuong<\/td>\n<td>IDENTIFICATION OF ZINGIBER OFFICINALE ROSCOE CULTIVATED IN THUA THIEN HUE USING\u00a0<em>MATK<\/em>\u00a0AND APPLICATION OF\u00a0<em>TRICHODERMA &#8211; <\/em><em>STREPTOMYCES<\/em>\u00a0BIOLOGICAL PRODUCT ON GROWTH OF GINGER PLANT<\/td>\n<td>2021 VIETNAM NATIONAL CONFERENCE ON BIOTECHNOLOGY<\/td>\n<td><\/td>\n<\/tr>\n<tr>\n<td>29<\/td>\n<td><strong>Pham Thi Diem Thi,<\/strong>\u00a0Ho Thi Thuy Nhi,\u00a0Nguyen Minh Tri, Nguyen Thi My Le, Truong Thi Bich Phuong,\u00a0<strong>Hoang Tan Quang<\/strong><\/td>\n<td>EFFECT OF PLANT GROWTH REGULATORS ON IN VITRO SHOOT MULTIPLICATION OF\u00a0<em>Streptocaulon juventas<\/em>\u00a0Merr. PLANTS<\/td>\n<td>2021 VIETNAM NATIONAL CONFERENCE ON BIOTECHNOLOGY<\/td>\n<td><\/td>\n<\/tr>\n<tr>\n<td>30<\/td>\n<td><strong>Tran Thi Ngoc Tram<\/strong>, Phan Thi Thuy Hang,\u00a0<strong>Pham Thi Diem Thi, Tran Thuy Lan<\/strong>, Truong Thi Phuong Lan,\u00a0<strong>Hoang Tan Quang<\/strong><\/td>\n<td>GENETIC DIVERSITY ANALYSIS OF\u00a0<em>Melaleuca<\/em>\u00a0SPECIES IN THUA THIEN HUE<br \/>\nPROVINCE, VIETNAM<\/td>\n<td>2021 VIETNAM NATIONAL CONFERENCE ON BIOTECHNOLOGY<\/td>\n<td><\/td>\n<\/tr>\n<tr>\n<td>31<\/td>\n<td><strong>Nguyen Quang Hoang Vu, Hoang Tan Quang,\u00a0<\/strong>Hoang Thi Kim Hong<\/td>\n<td>ANTIFUNGAL ACTIVITY OF SILVER NANOPARTICLES AGAINST\u00a0<em>CURVULARIA LUNATA<\/em>\u00a0CAUSING LEAF SPOT ON WHITE LOTUS (<em>NELUMBO NUCIFERA<\/em>) IN THUA THIEN HUE<\/td>\n<td>2021 VIETNAM NATIONAL CONFERENCE ON BIOTECHNOLOGY<\/td>\n<td><\/td>\n<\/tr>\n<tr>\n<td>32<\/td>\n<td><span class=\"fontstyle0\">Le Cong Tuan<\/span><span class=\"fontstyle0\">, Te Minh Son<\/span><span class=\"fontstyle0\">, Doan Thi My Lanh<\/span><span class=\"fontstyle0\">, Nguyen Hoang Loc<\/span><span class=\"fontstyle0\">,\u00a0<strong>Nguyen Duc Huy<\/strong><\/span><\/td>\n<td><span class=\"fontstyle0\">Evaluation of biofloc from saltwater bacteria community for white-leg<br \/>\nshrimp <em>(<\/em><\/span><span class=\"fontstyle2\"><em>Litopenaeus vanamei<\/em>\u00a0<\/span><span class=\"fontstyle0\">Boone, 1931) culture in Thua Thien Hue<\/span><\/td>\n<td>Hue University Journal of Science: Natural Science<\/td>\n<td><\/td>\n<\/tr>\n<tr>\n<td>33<\/td>\n<td>Nguyen Thi Quynh Trang,\u00a0<strong>Dang Thanh Long<\/strong>, Hoang Thi Kim Hong<\/td>\n<td>GENETIC DIVERSITY BASED ON MORPHOLOGICAL CHARACTERISTICS OF LOTUS (<em>NELUMBO NUCIFERA<\/em>\u00a0GAERNT.) THUA THIEN HUE PROVINCE<\/td>\n<td>2021 VIETNAM NATIONAL CONFERENCE ON BIOTECHNOLOGY<\/td>\n<td><\/td>\n<\/tr>\n<tr>\n<td>34<\/td>\n<td><strong>Nguyen Thi Cam Yen, Ho Dac Thai Hoang<\/strong><\/td>\n<td>Qu\u1ea3n l\u00fd r\u00e1c th\u1ea3i h\u01b0\u1edbng t\u1edbi m\u1ee5c ti\u00eau \u201ckh\u00f4ng ch\u1ea5t th\u1ea3i\u201d<\/td>\n<td>The 12th Vietnam National Conference on Geography Science<\/td>\n<td><\/td>\n<\/tr>\n<tr>\n<td>35<\/td>\n<td>Le Van Thang,\u00a0<strong>Nguyen Dinh Huy<\/strong><\/td>\n<td>Lu\u1eadn c\u1ee9 khoa h\u1ecdc cho vi\u1ec7c l\u1ef1a ch\u1ecdn v\u00e0 ho\u00e0n thi\u1ec7n c\u00e1c m\u00f4 h\u00ecnh th\u00edch \u1ee9ng v\u1edbi bi\u1ebfn \u0111\u1ed5i kh\u00ed h\u1eadu d\u1ef1a v\u00e0o c\u1ed9ng \u0111\u1ed3ng \u1edf mi\u1ec1n Trung v\u00e0 \u0111\u1ec1 xu\u1ea5t nh\u00e2n r\u1ed9ng<\/td>\n<td>The 12th Vietnam National Conference on Geography Science<\/td>\n<td><\/td>\n<\/tr>\n<tr>\n<td>36<\/td>\n<td><strong>Tran Hieu Quang<\/strong><\/td>\n<td>\u0110\u00e1nh gi\u00e1 t\u00e1c \u0111\u1ed9ng c\u1ee7a bi\u1ebfn \u0111\u1ed5i kh\u00ed h\u1eadu \u0111\u1ebfn t\u00e0i nguy\u00ean bi\u1ec3n v\u00e0 h\u1ea3i \u0111\u1ea3o t\u1ec9nh Qu\u1ea3ng B\u00ecnh<\/td>\n<td>The 12th Vietnam National Conference on Geography Science<\/td>\n<td><\/td>\n<\/tr>\n<\/tbody>\n<\/table>\n<h4><\/h4>\n<h4><strong><br \/>\nData synthesis<\/strong><\/h4>\n<table style=\"width: 100%; height: 138px;\">\n<tbody>\n<tr style=\"height: 23px;\">\n<td style=\"width: 22.5%; height: 69px; text-align: center;\" rowspan=\"3\"><strong>Category<\/strong><strong><br \/>\n<\/strong><\/td>\n<td style=\"width: 55.8333%; text-align: center; height: 23px;\" colspan=\"5\"><strong>International articles<\/strong><\/td>\n<td style=\"width: 20.2381%; text-align: center; height: 23px;\" colspan=\"2\"><strong>Domestic articles<\/strong><\/td>\n<\/tr>\n<tr style=\"height: 23px;\">\n<td style=\"width: 20.2382%; text-align: center; height: 23px;\" colspan=\"2\"><strong>WoS<\/strong><strong><br \/>\n<\/strong><\/td>\n<td style=\"width: 11.5476%; text-align: center; height: 46px;\" rowspan=\"2\"><strong>SCOPUS<\/strong><\/td>\n<td style=\"width: 12.619%; text-align: center; height: 46px;\" rowspan=\"2\"><strong>ACI<\/strong><\/td>\n<td style=\"width: 11.4285%; text-align: center; height: 46px;\" rowspan=\"2\"><strong>Other<\/strong><\/td>\n<td style=\"width: 10.8334%; text-align: center; height: 46px;\" rowspan=\"2\"><strong>H\u0110CDGS<\/strong><\/td>\n<td style=\"width: 9.40474%; text-align: center; height: 46px;\" rowspan=\"2\"><strong>Other<\/strong><\/td>\n<\/tr>\n<tr style=\"height: 23px;\">\n<td style=\"width: 10.8334%; text-align: center; height: 23px;\"><strong>SCIE<\/strong><\/td>\n<td style=\"width: 9.40481%; text-align: center; height: 23px;\"><strong>ESCI<\/strong><\/td>\n<\/tr>\n<tr style=\"height: 23px;\">\n<td style=\"width: 22.5%; height: 23px; text-align: center;\"><strong>Number of articles<\/strong><\/td>\n<td style=\"width: 10.8334%; text-align: center; height: 23px;\">9<\/td>\n<td style=\"width: 9.40481%; text-align: center; height: 23px;\">1<\/td>\n<td style=\"width: 11.5476%; text-align: center; height: 23px;\">7<\/td>\n<td style=\"width: 12.619%; text-align: center; height: 23px;\">3<\/td>\n<td style=\"width: 11.4285%; text-align: center; height: 23px;\">1<\/td>\n<td style=\"width: 10.8334%; text-align: center; height: 23px;\">6<\/td>\n<td style=\"width: 9.40474%; text-align: center; height: 23px;\">9<\/td>\n<\/tr>\n<tr style=\"height: 23px;\">\n<td style=\"width: 22.5%; height: 23px; text-align: center;\"><strong>Total<\/strong><\/td>\n<td style=\"width: 55.8333%; text-align: center; height: 23px;\" colspan=\"5\">21<\/td>\n<td style=\"width: 20.2381%; text-align: center; height: 23px;\" colspan=\"2\">15<\/td>\n<\/tr>\n<tr style=\"height: 23px;\">\n<td style=\"width: 22.5%; height: 23px; text-align: center;\"><strong>All<\/strong><\/td>\n<td style=\"width: 76.0714%; text-align: center; height: 23px;\" colspan=\"7\">36<\/td>\n<\/tr>\n<\/tbody>\n<\/table>\n","protected":false},"excerpt":{"rendered":"<p>LIST OF SCIENTIFIC ARTICLES IN 2021 \u2014\u2666\u2014 No. Authors Article Title Journal Category 1 Pham Thi Hai Yen,\u00a0Nguyen<span class=\"excerpt-hellip\"> [\u2026]<\/span><\/p>\n","protected":false},"author":3,"featured_media":0,"parent":0,"menu_order":0,"comment_status":"closed","ping_status":"closed","template":"","meta":{"footnotes":""},"class_list":["post-11917","page","type-page","status-publish","hentry"],"_links":{"self":[{"href":"https:\/\/huib.hueuni.edu.vn\/en\/wp-json\/wp\/v2\/pages\/11917","targetHints":{"allow":["GET"]}}],"collection":[{"href":"https:\/\/huib.hueuni.edu.vn\/en\/wp-json\/wp\/v2\/pages"}],"about":[{"href":"https:\/\/huib.hueuni.edu.vn\/en\/wp-json\/wp\/v2\/types\/page"}],"author":[{"embeddable":true,"href":"https:\/\/huib.hueuni.edu.vn\/en\/wp-json\/wp\/v2\/users\/3"}],"replies":[{"embeddable":true,"href":"https:\/\/huib.hueuni.edu.vn\/en\/wp-json\/wp\/v2\/comments?post=11917"}],"version-history":[{"count":0,"href":"https:\/\/huib.hueuni.edu.vn\/en\/wp-json\/wp\/v2\/pages\/11917\/revisions"}],"wp:attachment":[{"href":"https:\/\/huib.hueuni.edu.vn\/en\/wp-json\/wp\/v2\/media?parent=11917"}],"curies":[{"name":"wp","href":"https:\/\/api.w.org\/{rel}","templated":true}]}}