{"id":11813,"date":"2023-05-05T17:19:04","date_gmt":"2023-05-05T10:19:04","guid":{"rendered":"http:\/\/huib.hueuni.edu.vn\/2018-3\/"},"modified":"2023-07-06T10:20:16","modified_gmt":"2023-07-06T03:20:16","slug":"2018-3","status":"publish","type":"page","link":"https:\/\/huib.hueuni.edu.vn\/en\/2018-3\/","title":{"rendered":"2018"},"content":{"rendered":"<p style=\"text-align: center;\"><span style=\"font-size: 14pt;\"><strong>LIST OF SCIENTIFIC ARTICLES IN 2018<br \/>\n<\/strong>\u2014\u2666\u2014<\/span><\/p>\n<table style=\"border-collapse: collapse; width: 100%; height: 4542px;\" border=\"1\">\n<tbody>\n<tr style=\"height: 48px;\">\n<td style=\"width: 5.89211%; height: 48px; text-align: center;\"><strong>No.<\/strong><\/td>\n<td style=\"width: 30.4772%; height: 48px; text-align: center;\"><strong>Authors<\/strong><\/td>\n<td style=\"width: 25.2905%; height: 48px; text-align: center;\"><strong>Article Title<\/strong><\/td>\n<td style=\"width: 21.6597%; height: 48px; text-align: center;\"><strong>Journal<\/strong><\/td>\n<td style=\"width: 16.6805%; height: 48px; text-align: center;\"><strong>Category<\/strong><\/td>\n<\/tr>\n<tr style=\"height: 212px;\">\n<td style=\"width: 5.89211%; height: 165px; text-align: center;\">1<\/td>\n<td style=\"width: 30.4772%; height: 165px; text-align: center;\">NGUYEN THI ANH THU, NGO THI TUONG CHAU, LE VAN THIEN, <strong>NGUYEN DUC HUY<\/strong>, NGUYEN TRAN ME KHUE, <strong>NGUYEN BAO HUNG<\/strong>, NGUYEN NGOC LUONG, LE THI ANH THU, NGUYEN HOANG LOC<\/td>\n<td style=\"width: 25.2905%; height: 165px; text-align: center;\">Extrachromosomal expression of <em>nat05 <\/em>gene encoding an alkaline serine protease from <em>Bacillus subtilis<\/em> N05<\/td>\n<td style=\"width: 21.6597%; height: 165px; text-align: center;\">Journal of Biotechnology, Computational Biology and Bionanotechnology<\/td>\n<td style=\"width: 16.6805%; height: 165px; text-align: center;\">SCIE<\/td>\n<\/tr>\n<tr style=\"height: 153px;\">\n<td style=\"width: 5.89211%; height: 153px; text-align: center;\">2<\/td>\n<td style=\"width: 30.4772%; height: 153px; text-align: center;\">Truong Thi Phuong Lan, <strong>Nguyen Duc Huy<\/strong>, Nguyen Ngoc Luong, Nguyen Van Nghi, Trinh Huu Tan, Le Viet Quan, Nguyen Hoang Loc<\/td>\n<td style=\"width: 25.2905%; height: 153px; text-align: center;\">Identification and Characterization of Genes in the Curcuminoid Pathway of <em>Curcuma zedoaria<\/em> Roscoe<\/td>\n<td style=\"width: 21.6597%; height: 153px; text-align: center;\">Current Pharmaceutical Biotechnology<\/td>\n<td style=\"width: 16.6805%; height: 153px; text-align: center;\">SCIE<\/td>\n<\/tr>\n<tr style=\"height: 194px;\">\n<td style=\"width: 5.89211%; height: 194px; text-align: center;\">3<\/td>\n<td style=\"width: 30.4772%; height: 194px; text-align: center;\">Hoang Thanh Tung, Nguyen Ba Nam, Nguyen Phuc Huy, Vu Quoc Luan, Vu Thi Hien, Truong Thi Bich Phuong, <strong>Dung Tien Le<\/strong>, Nguyen Hoang Loc, Duong Tan Nhut<\/td>\n<td style=\"width: 25.2905%; height: 194px; text-align: center;\">A system for large scale production of chrysanthemum using microponics with the supplement of silver nanoparticles under light-emitting diodes<\/td>\n<td style=\"width: 21.6597%; height: 194px; text-align: center;\">Scientia Horticulturae<\/td>\n<td style=\"width: 16.6805%; height: 194px; text-align: center;\">SCIE<\/td>\n<\/tr>\n<tr style=\"height: 145px;\">\n<td style=\"width: 5.89211%; height: 145px; text-align: center;\">4<\/td>\n<td style=\"width: 30.4772%; height: 145px; text-align: center;\"><strong>Hai Thi Hong Truong<\/strong>, Thanh Thuy Duong, Tram Thi Hoai Nguyen, Thuy Thi Thu Nguyen, Linh Hoang Khanh Nguyen, Tho Thi Quynh Bui<\/td>\n<td style=\"width: 25.2905%; height: 145px; text-align: center;\">Aggressiveness and genetic diversity of <em>Ralstonia solanacearum<\/em> strains from tomato in Vietnam<\/td>\n<td style=\"width: 21.6597%; height: 145px; text-align: center;\">Indian Phytopathology<\/td>\n<td style=\"width: 16.6805%; height: 145px; text-align: center;\">SCOPUS<\/td>\n<\/tr>\n<tr style=\"height: 165px;\">\n<td style=\"width: 5.89211%; height: 165px; text-align: center;\">5<\/td>\n<td style=\"width: 30.4772%; height: 165px; text-align: center;\"><strong>HOANG TAN QUANG<\/strong>, BUI LE THANH NHAN, TRAN MINH DUC, TRAN VAN GIANG AND PHAM THANH<\/td>\n<td style=\"width: 25.2905%; height: 165px; text-align: center;\">STUDY ON GENETIC DIVERSITY OF <em>Curculigo orchioides<\/em> GAERTN POPULATIONS FROM VIETNAM, AN ENDANGERED MEDICINAL HERB<\/td>\n<td style=\"width: 21.6597%; height: 165px; text-align: center;\">Plant Cell Biotechnology and Molecular Biology<\/td>\n<td style=\"width: 16.6805%; height: 165px; text-align: center;\">SCOPUS<\/td>\n<\/tr>\n<tr style=\"height: 132px;\">\n<td style=\"width: 5.89211%; height: 132px; text-align: center;\">6<\/td>\n<td style=\"width: 30.4772%; height: 132px; text-align: center;\">Dung Q. Tran, Thien V. Tran, <strong>Quang T. Hoang<\/strong><\/td>\n<td style=\"width: 25.2905%; height: 132px; text-align: center;\">Genetic Relationship of Two Agamid Lizard Species in Vietnam by Random Amplified Polymorphic DNA Analysis<\/td>\n<td style=\"width: 21.6597%; height: 132px; text-align: center;\">Life Science Journal<\/td>\n<td style=\"width: 16.6805%; height: 132px; text-align: center;\">SCOPUS<\/td>\n<\/tr>\n<tr style=\"height: 154px;\">\n<td style=\"width: 5.89211%; height: 154px; text-align: center;\">7<\/td>\n<td style=\"width: 30.4772%; height: 154px; text-align: center;\">Van Thuan Nguyen, Van Giang Tran, Tran Trung Nguyen, <strong>Tan Quang Hoang<\/strong>, Quoc Dung Tran<\/td>\n<td style=\"width: 25.2905%; height: 154px; text-align: center;\">Genetic diversity of earthworm <em>Amynthas rodericensis<\/em> (Grube, 1879) (Clitellata: Megascolecidae) in Vietnam by randomly amplified polymorphic DNA analysis<\/td>\n<td style=\"width: 21.6597%; height: 154px; text-align: center;\">Journal of Chemical, Biological and Physical Sciences<\/td>\n<td style=\"width: 16.6805%; height: 154px; text-align: center;\">Other<\/td>\n<\/tr>\n<tr style=\"height: 214px;\">\n<td style=\"width: 5.89211%; height: 214px; text-align: center;\">8<\/td>\n<td style=\"width: 30.4772%; height: 214px; text-align: center;\"><strong>Tran Vinh Phuong, Le Thi Tuyet Nhan, Nguyen Van Khanh<\/strong>, Pham Thi Hai Yen, Nguyen Van Huy<\/td>\n<td style=\"width: 25.2905%; height: 214px; text-align: center;\">EFFECT OF NUTRIENT MEDIUM AND INITIAL DENSITY ON GROWTH OF MICROALGAE <em>Nanochloropsis oculata <\/em>AND BIOMASS CULTIVATION UNDER OUTDOOR CONDITIONS IN THUA THIEN HUE PROVINCE<\/td>\n<td style=\"width: 21.6597%; height: 214px; text-align: center;\">Hue University of Journal Science<\/td>\n<td style=\"width: 16.6805%; height: 214px; text-align: center;\">H\u0110CDGS<\/td>\n<\/tr>\n<tr style=\"height: 151px;\">\n<td style=\"width: 5.89211%; height: 151px; text-align: center;\">9<\/td>\n<td style=\"width: 30.4772%; height: 151px; text-align: center;\"><strong>Le Thi Tuyet Nhan<\/strong>, Dao Thi Men, Mac Ho Mai Tram, <strong>Nguyen Thi Thu Lien<\/strong><\/td>\n<td style=\"width: 25.2905%; height: 151px; text-align: center;\">INFLUENCE OF SOME FLOCCULANTS ON FLOCCULATION EFFICIENCY OF DIATOM <em>Skeletonema costatum<\/em><\/td>\n<td style=\"width: 21.6597%; height: 151px; text-align: center;\">Hue University of Journal Science<\/td>\n<td style=\"width: 16.6805%; height: 151px; text-align: center;\">H\u0110CDGS<\/td>\n<\/tr>\n<tr style=\"height: 194px;\">\n<td style=\"width: 5.89211%; height: 194px; text-align: center;\">10<\/td>\n<td style=\"width: 30.4772%; height: 194px; text-align: center;\"><strong>Nguyen Thi Thu Lien<\/strong>, Nguyen Hong Son, <strong>Hoang Tan Quang, Le Thi Tuyet Nhan<\/strong><\/td>\n<td style=\"width: 25.2905%; height: 194px; text-align: center;\">ISOLATION AND SELECTION OF SOME <em>SKELETONEMA COSTATUM<\/em> STRAINS FROM THUA THIEN HUE COASTAL ZONE FOR AQUACULTURAL FEED<\/td>\n<td style=\"width: 21.6597%; height: 194px; text-align: center;\">Hue University Jounal of Science: Agriculture and Rural Development<\/td>\n<td style=\"width: 16.6805%; height: 194px; text-align: center;\">H\u0110CDGS<\/td>\n<\/tr>\n<tr style=\"height: 168px;\">\n<td style=\"width: 5.89211%; height: 168px; text-align: center;\">11<\/td>\n<td style=\"width: 30.4772%; height: 168px; text-align: center;\"><strong>Truong Thi Hong Hai<\/strong>, Duong Thanh Thuy,<strong>Dang Thanh Long<\/strong>, Ho Thi Huyen Tran, Nguyen Manh Tuan<\/td>\n<td style=\"width: 25.2905%; height: 168px; text-align: center;\">GENETIC DIVERSITY BASED ON MORPHOLOGICAL CHARACTERISTICS OF NGOC LINH GINSENG (<em>Panax vietnamensis<\/em> Ha et Grushv.) AT NAM TRA MY, QUANG NAM<\/td>\n<td style=\"width: 21.6597%; height: 168px; text-align: center;\">Hue University of Journal Science<\/td>\n<td style=\"width: 16.6805%; height: 168px; text-align: center;\">H\u0110CDGS<\/td>\n<\/tr>\n<tr style=\"height: 142px;\">\n<td style=\"width: 5.89211%; height: 142px; text-align: center;\">12<\/td>\n<td style=\"width: 30.4772%; height: 142px; text-align: center;\">Dang Thi Thanh Ha, Le Kim Tuan, Dinh Thi Kim Thien, Pham Thi Ngoc Lan, <strong>Hoang Tan Quang, Tran Thuy Lan, Nguyen Duc Huy<\/strong><\/td>\n<td style=\"width: 25.2905%; height: 142px; text-align: center;\">CLONING AND SEQUENCING LACCASE 3 (Folac 3) FROM<em>FUSARIUM OXYSPORUM<\/em><\/td>\n<td style=\"width: 21.6597%; height: 142px; text-align: center;\">Hue University of Journal Science<\/td>\n<td style=\"width: 16.6805%; height: 142px; text-align: center;\">H\u0110CDGS<\/td>\n<\/tr>\n<tr style=\"height: 187px;\">\n<td style=\"width: 5.89211%; height: 187px; text-align: center;\">13<\/td>\n<td style=\"width: 30.4772%; height: 187px; text-align: center;\"><strong>Huynh Van Chuong, Dang Thanh Long<\/strong>, Dinh Thi Bich Lan, Hoang Thi Kim Hong, Phung Thang Long, L\u00ea Duc Thao, Le Quoc Viet, Vo Phuoc Khanh<\/td>\n<td style=\"width: 25.2905%; height: 187px; text-align: center;\">CLONING AND EXPRESSION OF GENE ENCODING PROTEIN p65 FROM<em>MYCOPLASMA HYOPNEUMONIAE<\/em> IN<em>ESCHERICHIA COLI<\/em> BL21 (DE3)<\/td>\n<td style=\"width: 21.6597%; height: 187px; text-align: center;\">Hue University of Journal Science<\/td>\n<td style=\"width: 16.6805%; height: 187px; text-align: center;\">H\u0110CDGS<\/td>\n<\/tr>\n<tr style=\"height: 172px;\">\n<td style=\"width: 5.89211%; height: 172px; text-align: center;\">14<\/td>\n<td style=\"width: 30.4772%; height: 172px; text-align: center;\"><strong>Dang Thanh Long, Huynh Van Chuong,<\/strong> Nguyen Thi Quynh Trang, Hoang Thi Kim Hong, Pham Thi Hai Yen, Vo Phuoc Khanh<\/td>\n<td style=\"width: 25.2905%; height: 172px; text-align: center;\">CLONING AND EXPRESSION OF GENE ENCODING ANTIGEN GLYCOPROTEIN C OF DUCK PLAGUE VIRUS ISOLATED FROM THUA THIEN HUE PROTEIN<\/td>\n<td style=\"width: 21.6597%; height: 172px; text-align: center;\">Hue University of Journal Science<\/td>\n<td style=\"width: 16.6805%; height: 172px; text-align: center;\">H\u0110CDGS<\/td>\n<\/tr>\n<tr style=\"height: 168px;\">\n<td style=\"width: 5.89211%; height: 168px; text-align: center;\">15<\/td>\n<td style=\"width: 30.4772%; height: 168px; text-align: center;\">Duong Duc Hoang Sinh, Tran Vu Ngoc Thi, Le Thi Ha Thanh, Pham Thi Ngoc Lan, Nguyen Hoang Loc, <strong>Nguyen Duc Huy<\/strong><\/td>\n<td style=\"width: 25.2905%; height: 168px; text-align: center;\">ISOLATION OF SOME BACTERIAL STRAINS FROM DIOXIN-CONTAMINATED SOIL IN A LUOI, THUA THIEN HUE<\/td>\n<td style=\"width: 21.6597%; height: 168px; text-align: center;\">Hue University of Journal Science<\/td>\n<td style=\"width: 16.6805%; height: 168px; text-align: center;\">H\u0110CDGS<\/td>\n<\/tr>\n<tr style=\"height: 194px;\">\n<td style=\"width: 5.89211%; height: 194px; text-align: center;\">16<\/td>\n<td style=\"width: 30.4772%; height: 194px; text-align: center;\">Le Duc Thao, Nguyen Xuan An, Dinh Thi Bich Lan, Dang Thi Huong, <strong>Nguyen Dang Qui,<\/strong> Phung Thang Long<\/td>\n<td style=\"width: 25.2905%; height: 194px; text-align: center;\">CHARACTERISTICS AND REPRODUCTIVE PERFORMANCE OF LANDRACE \u00d7 (PIETRAIN \u00d7 VCN-MS15) AND LANDRACE \u00d7 (DUROC \u00d7 VCN-MS15) SOWS RAISED IN THUA THIEN HUE PROVINCE<\/td>\n<td style=\"width: 21.6597%; height: 194px; text-align: center;\">Hue University Jounal of Science: Agriculture and Rural Development<\/td>\n<td style=\"width: 16.6805%; height: 194px; text-align: center;\">H\u0110CDGS<\/td>\n<\/tr>\n<tr style=\"height: 187px;\">\n<td style=\"width: 5.89211%; height: 187px; text-align: center;\">17<\/td>\n<td style=\"width: 30.4772%; height: 187px; text-align: center;\">Nguyen Quang Linh, <strong>Tran Vinh Phuong<\/strong>, Mac Nhu Binh, Tran Nguyen Ngoc<\/td>\n<td style=\"width: 25.2905%; height: 187px; text-align: center;\">EFFECTS OF STOCKING DENSITY ON GROWTH PERFORMANCE AND SURVIVAL RATE OF RABBITIFISH<em>Siganus guttatus<\/em> (Bloch, 1787) FROM FRY TO FINGERLINGS STAGE<\/td>\n<td style=\"width: 21.6597%; height: 187px; text-align: center;\">Hue University Jounal of Science: Agriculture and Rural Development<\/td>\n<td style=\"width: 16.6805%; height: 187px; text-align: center;\">H\u0110CDGS<\/td>\n<\/tr>\n<tr style=\"height: 182px;\">\n<td style=\"width: 5.89211%; height: 182px; text-align: center;\">18<\/td>\n<td style=\"width: 30.4772%; height: 182px; text-align: center;\"><strong>Tran Vinh Phuong<\/strong>, Pham Thi Hai Yen, Vo Dieu, Nguyen Van Huy, Phan Thi Thu Hong<\/td>\n<td style=\"width: 25.2905%; height: 182px; text-align: center;\">SOME CHARACTERISTICS OF GROWTH PERFORMANCE, NUTRITION, AND BIOMEDICAL COMPOSITION OF ASIATIC HARD CLAMS <em>Meretrix meretrix<\/em> (Linnaeus, 1758) DISTRIBUTED IN TAM GIANG &#8211; CAU HAI LAGOON, THUA THIEN HUE PROVINCE<\/td>\n<td style=\"width: 21.6597%; height: 182px; text-align: center;\">Hue University Jounal of Science: Agriculture and Rural Development<\/td>\n<td style=\"width: 16.6805%; height: 182px; text-align: center;\">H\u0110CDGS<\/td>\n<\/tr>\n<tr style=\"height: 178px;\">\n<td style=\"width: 5.89211%; height: 178px; text-align: center;\">19<\/td>\n<td style=\"width: 30.4772%; height: 178px; text-align: center;\"><strong>Nguyen Thi Thu Lien, Le Thi Tuyet Nhan,<\/strong> Nguyen Hong Son, Nguyen Thi Hue, <strong>Pham Thi Diem Thi<\/strong><\/td>\n<td style=\"width: 25.2905%; height: 178px; text-align: center;\">DIVERSITY OF CYANOBACTERIA PRODUCING ANTIMICROBIAL COMPOUNDS FROM RICE FIELDS IN PHU VANG DISTRICT, THUA THIEN HUE PROVINCE<\/td>\n<td style=\"width: 21.6597%; height: 178px; text-align: center;\">Hue University Jounal of Science: Agriculture and Rural Development<\/td>\n<td style=\"width: 16.6805%; height: 178px; text-align: center;\">H\u0110CDGS<\/td>\n<\/tr>\n<tr style=\"height: 153px;\">\n<td style=\"width: 5.89211%; height: 153px; text-align: center;\">20<\/td>\n<td style=\"width: 30.4772%; height: 153px; text-align: center;\">Tran Minh Quang, Tran Dang Hoa, <strong>Truong Thi Hong Hai,<\/strong> Dinh Ho Anh, Tran Thi Phuong Nhung<\/td>\n<td style=\"width: 25.2905%; height: 153px; text-align: center;\">Evaluation of Some Agrobiological Characteristics and Drought Tolerance of Imported Rice Lines in Thua Thien Hue province<\/td>\n<td style=\"width: 21.6597%; height: 153px; text-align: center;\">Vietnam Journal of Agricultural Sciences<\/td>\n<td style=\"width: 16.6805%; height: 153px; text-align: center;\">H\u0110CDGS<\/td>\n<\/tr>\n<tr style=\"height: 156px;\">\n<td style=\"width: 5.89211%; height: 156px; text-align: center;\">21<\/td>\n<td style=\"width: 30.4772%; height: 156px; text-align: center;\"><strong>Hoang Tan Quang,<\/strong> Tran Thi Dieu, Le Thi Le Quyen, <strong>Pham Thi Diem Thi, Truong Thi Hong Hai,<\/strong> Tran Quoc Dung<\/td>\n<td style=\"width: 25.2905%; height: 156px; text-align: center;\">IN VITRO SHOOT REGENERATION OF (<em>Adenosma indianum<\/em> (Lour.) Merr.) THROUGH CALLUS INDUCTION<\/td>\n<td style=\"width: 21.6597%; height: 156px; text-align: center;\">Hue University of Journal Science<\/td>\n<td style=\"width: 16.6805%; height: 156px; text-align: center;\">H\u0110CDGS<\/td>\n<\/tr>\n<tr style=\"height: 88px;\">\n<td style=\"width: 5.89211%; height: 88px; text-align: center;\">22<\/td>\n<td style=\"width: 30.4772%; height: 88px; text-align: center;\"><strong>Truong Thi Hong Hai,<\/strong> Tran Bao Nga<\/td>\n<td style=\"width: 25.2905%; height: 88px; text-align: center;\">ASSESSMENT OF GENETIC DIVERSITY OF LUFFA GERMPLASM (<em>Luffa cylindrica<\/em> (L.) Roem) USING RAPD MARKER<\/td>\n<td style=\"width: 21.6597%; height: 88px; text-align: center;\">Hue University of Journal Science<\/td>\n<td style=\"width: 16.6805%; height: 88px; text-align: center;\">H\u0110CDGS<\/td>\n<\/tr>\n<tr style=\"height: 67px;\">\n<td style=\"width: 5.89211%; height: 67px; text-align: center;\">23<\/td>\n<td style=\"width: 30.4772%; height: 67px; text-align: center;\"><strong>Truong Thi Hong Hai,<\/strong> Tran Viet Thang, Nguyen Duc Phuoc, Vo Van Tu<\/td>\n<td style=\"width: 25.2905%; height: 67px; text-align: center;\">MORPHOLOGICAL TRAITS OF NGOC LINH GINSENG AT NAM TRA MY DISTRICT, QUANG NAM PROVINCE<\/td>\n<td style=\"width: 21.6597%; height: 67px; text-align: center;\">Hue University Jounal of Science: Agriculture and Rural Development<\/td>\n<td style=\"width: 16.6805%; height: 67px; text-align: center;\">H\u0110CDGS<\/td>\n<\/tr>\n<tr style=\"height: 64px;\">\n<td style=\"width: 5.89211%; height: 80px; text-align: center;\">24<\/td>\n<td style=\"width: 30.4772%; height: 80px; text-align: center;\"><strong>Truong Thi Bich Phuong,<\/strong> Phan Thuy Truc Nhu, <strong>Hoang Tan Quang,<\/strong> Le Thi Le Quyen<\/td>\n<td style=\"width: 25.2905%; height: 80px; text-align: center;\"><em>IN VITRO <\/em>SHOOT REGENERATION OF (<em>Adenosma indianum<\/em> (Lour.) Merr.)<\/td>\n<td style=\"width: 21.6597%; height: 80px; text-align: center;\">Journal of Science<\/td>\n<td style=\"width: 16.6805%; height: 80px; text-align: center;\">H\u0110CDGS<\/td>\n<\/tr>\n<tr style=\"height: 53px;\">\n<td style=\"width: 5.89211%; height: 80px; text-align: center;\">25<\/td>\n<td style=\"width: 30.4772%; height: 80px; text-align: center;\">Dinh Thi Bich Lan, Phung Thang Long, Le Duc Thao, Le Quoc Viet, Hoang Thi Thuy Nhung, Dang Thi Huong, Le Cong Thinh, <strong>Huynh Van Chuong, Dang Thanh Long,<\/strong> Nguyen Thi Thu Hien<\/td>\n<td style=\"width: 25.2905%; height: 80px; text-align: center;\">Enhancing expression of recombinant protein LTA <em>Escherichia coli <\/em>in competent cells, <em>Escherichia coli<\/em> BL21 (DE3)<\/td>\n<td style=\"width: 21.6597%; height: 80px; text-align: center;\">VETERINARY SCIENCES AND TECHNIQUES<\/td>\n<td style=\"width: 16.6805%; height: 80px; text-align: center;\">H\u0110CDGS<\/td>\n<\/tr>\n<tr style=\"height: 50px;\">\n<td style=\"width: 5.89211%; height: 50px; text-align: center;\">26<\/td>\n<td style=\"width: 30.4772%; height: 50px; text-align: center;\">Nguyen Thi Quynh Trang, <strong>Dang Thanh Long,<\/strong> Tran Thi Huong Giang, Tran Thi My Loan, Hoang Thi Kim Hong<\/td>\n<td style=\"width: 25.2905%; height: 50px; text-align: center;\">STUDY ON THE DISTRIBUTION MAP OF LOTUS VARIETIES (<em>Nelumbo nucifera<\/em> Gaertn.) IN THUA THIEN HUE PROVINCE<\/td>\n<td style=\"width: 21.6597%; height: 50px; text-align: center;\">Science and Technology Magazine (University of Science, Hue University)<\/td>\n<td style=\"width: 16.6805%; height: 50px; text-align: center;\">H\u0110CDGS<\/td>\n<\/tr>\n<tr style=\"height: 169px;\">\n<td style=\"width: 5.89211%; text-align: center; height: 169px;\">27<\/td>\n<td style=\"width: 30.4772%; text-align: center; height: 169px;\">Hoang Thi Kim Hong, <strong>Dang Thanh Long,<\/strong> Nguyen Thi Quynh Trang<\/td>\n<td style=\"width: 25.2905%; text-align: center; height: 169px;\">Nghi\u00ean c\u1ee9u nh\u00e2n gi\u1ed1ng <em>in vitro<\/em> gi\u1ed1ng sen tr\u1eafng tr\u1eb9t l\u00f5m Hu\u1ebf<\/td>\n<td style=\"width: 21.6597%; text-align: center; height: 169px;\">Proceedings of the National and International Scientific Conference<\/td>\n<td style=\"width: 16.6805%; text-align: center; height: 169px;\">H\u0110CDGS<\/td>\n<\/tr>\n<tr style=\"height: 124px;\">\n<td style=\"width: 5.89211%; text-align: center; height: 124px;\">28<\/td>\n<td style=\"width: 30.4772%; text-align: center; height: 124px;\">Le Cong Thinh, Dinh Thi Bich Lan, Phung Thang Long, Nguyen Thi Thanh Binh, <strong>Dang Thanh Long,<\/strong> Le Quoc Viet, Dang Thi Huong<\/td>\n<td style=\"width: 25.2905%; text-align: center; height: 124px;\">Cloning and expression of gene <em>eltB <\/em>encoding subunit B of heat-labile toxin of <em>Escherichia coli<\/em> isolated from diarrheic piglets<\/td>\n<td style=\"width: 21.6597%; text-align: center; height: 124px;\">VETERINARY SCIENCES AND TECHNIQUES<\/td>\n<td style=\"width: 16.6805%; text-align: center; height: 124px;\">H\u0110CDGS<\/td>\n<\/tr>\n<tr style=\"height: 140px;\">\n<td style=\"width: 5.89211%; text-align: center; height: 140px;\">29<\/td>\n<td style=\"width: 30.4772%; text-align: center; height: 140px;\">Le Nhu Cuong, Nguyen Thi Nhung, <strong>Nguyen Thi Diem<\/strong><\/td>\n<td style=\"width: 25.2905%; text-align: center; height: 140px;\">FUNGAL INHIBITION AND DISEASE CONTROL OF GROUNDNUT STEM ROT (<em>Sclerotium rolfsii<\/em>) BY NANOSILVER LIQUID<\/td>\n<td style=\"width: 21.6597%; text-align: center; height: 140px;\">Hue University Jounal of Science: Agriculture and Rural Development<\/td>\n<td style=\"width: 16.6805%; text-align: center; height: 140px;\">H\u0110CDGS<\/td>\n<\/tr>\n<tr style=\"height: 142px;\">\n<td style=\"width: 5.89211%; text-align: center; height: 142px;\">30<\/td>\n<td style=\"width: 30.4772%; text-align: center; height: 142px;\"><strong>Truong Thi Hong Hai,<\/strong> Nguyen Cong Hoai Son, Nguyen Th\u1ecb Thanh<\/td>\n<td style=\"width: 25.2905%; text-align: center; height: 142px;\">Genetic diversity analysis of induced Moringa (<em>Moringa oleifera) <\/em>using RAPD markers<\/td>\n<td style=\"width: 21.6597%; text-align: center; height: 142px;\">National Biotechnology Conference<\/td>\n<td style=\"width: 16.6805%; text-align: center; height: 142px;\">Other<\/td>\n<\/tr>\n<\/tbody>\n<\/table>\n<p style=\"text-align: justify;\"><strong>Data synthesis<\/strong><\/p>\n<table style=\"border-collapse: collapse; width: 100%; height: 172px;\" border=\"1\">\n<tbody>\n<tr style=\"height: 33px;\">\n<td style=\"width: 19.2434%; height: 65px; text-align: center;\" rowspan=\"2\"><strong>Category<\/strong><\/td>\n<td style=\"width: 47.4234%; height: 33px; text-align: center;\" colspan=\"3\"><strong>International articles<\/strong><\/td>\n<td style=\"width: 33.3334%; height: 33px; text-align: center;\" colspan=\"2\"><strong>Domestic articles<\/strong><\/td>\n<\/tr>\n<tr style=\"height: 32px;\">\n<td style=\"width: 16.4213%; height: 32px; text-align: center;\"><strong>WoS<\/strong><\/td>\n<td style=\"width: 16.2986%; height: 32px; text-align: center;\"><strong>SCOPUS<\/strong><\/td>\n<td style=\"width: 14.7035%; height: 32px; text-align: center;\"><strong>Other<\/strong><\/td>\n<td style=\"width: 16.6667%; height: 32px; text-align: center;\"><strong>H\u0110CDGS<\/strong><\/td>\n<td style=\"width: 16.6667%; height: 32px; text-align: center;\"><strong>Other<\/strong><\/td>\n<\/tr>\n<tr style=\"height: 35px;\">\n<td style=\"width: 19.2434%; height: 35px; text-align: center;\"><strong>Number of articles<\/strong><\/td>\n<td style=\"width: 16.4213%; height: 35px; text-align: center;\">3<\/td>\n<td style=\"width: 16.2986%; height: 35px; text-align: center;\">3<\/td>\n<td style=\"width: 14.7035%; height: 35px; text-align: center;\">1<\/td>\n<td style=\"width: 16.6667%; height: 35px; text-align: center;\">22<\/td>\n<td style=\"width: 16.6667%; height: 35px; text-align: center;\">1<\/td>\n<\/tr>\n<tr style=\"height: 34px;\">\n<td style=\"width: 19.2434%; text-align: center; height: 34px;\"><strong>Total<\/strong><\/td>\n<td style=\"width: 16.4213%; height: 34px; text-align: center;\" colspan=\"3\">7<\/td>\n<td style=\"width: 16.6667%; height: 34px; text-align: center;\" colspan=\"2\">23<\/td>\n<\/tr>\n<tr style=\"height: 38px;\">\n<td style=\"width: 19.2434%; text-align: center; height: 38px;\"><strong>All<\/strong><\/td>\n<td style=\"width: 16.4213%; height: 38px; text-align: center;\" colspan=\"5\">30<\/td>\n<\/tr>\n<\/tbody>\n<\/table>\n","protected":false},"excerpt":{"rendered":"<p>LIST OF SCIENTIFIC ARTICLES IN 2018 \u2014\u2666\u2014 No. Authors Article Title Journal Category 1 NGUYEN THI ANH THU,<span class=\"excerpt-hellip\"> [\u2026]<\/span><\/p>\n","protected":false},"author":3,"featured_media":0,"parent":0,"menu_order":0,"comment_status":"closed","ping_status":"closed","template":"","meta":{"footnotes":""},"class_list":["post-11813","page","type-page","status-publish","hentry"],"_links":{"self":[{"href":"https:\/\/huib.hueuni.edu.vn\/en\/wp-json\/wp\/v2\/pages\/11813","targetHints":{"allow":["GET"]}}],"collection":[{"href":"https:\/\/huib.hueuni.edu.vn\/en\/wp-json\/wp\/v2\/pages"}],"about":[{"href":"https:\/\/huib.hueuni.edu.vn\/en\/wp-json\/wp\/v2\/types\/page"}],"author":[{"embeddable":true,"href":"https:\/\/huib.hueuni.edu.vn\/en\/wp-json\/wp\/v2\/users\/3"}],"replies":[{"embeddable":true,"href":"https:\/\/huib.hueuni.edu.vn\/en\/wp-json\/wp\/v2\/comments?post=11813"}],"version-history":[{"count":0,"href":"https:\/\/huib.hueuni.edu.vn\/en\/wp-json\/wp\/v2\/pages\/11813\/revisions"}],"wp:attachment":[{"href":"https:\/\/huib.hueuni.edu.vn\/en\/wp-json\/wp\/v2\/media?parent=11813"}],"curies":[{"name":"wp","href":"https:\/\/api.w.org\/{rel}","templated":true}]}}